{"id":11,"date":"2016-01-07T19:04:53","date_gmt":"2016-01-07T19:04:53","guid":{"rendered":"https:\/\/asgaex.aisg.es\/?page_id=11"},"modified":"2025-08-06T11:29:50","modified_gmt":"2025-08-06T10:29:50","slug":"nos-definimos","status":"publish","type":"page","link":"https:\/\/asgaex.aisg.es\/?page_id=11","title":{"rendered":"Nos definimos"},"content":{"rendered":"\n<p class=\"wp-block-paragraph\">En <strong>ASGAEx&nbsp;<\/strong>&nbsp;nos definimos como una Asociaci\u00f3n:<\/p>\n\n\n\n<ul style=\"--ek-bullet-color:#00d084\" class=\"wp-block-list has-list-bullet-color\">\n<li><strong>SCOUT Y GUIA<\/strong> en su forma de ser y actuar, compuesta por hombres y mujeres dispuestos a trasladar a la sociedad su actitud de servicio y a trabajar por transformar la sociedad en que vivimos, aplicando un c\u00f3digo de conducta extra\u00eddo del cumplimiento de la Ley y Promesa del Movimiento Scout y Gu\u00eda Mundial, constituyendo esto el Escultismo y Guidismo para adultos.<\/li>\n\n\n\n<li><strong>PLURAL Y ABIERTA<\/strong> a todos los adultos sin distinci\u00f3n de raza, g\u00e9nero, nacionalidad o credo.<\/li>\n\n\n\n<li><strong>DEMOCR\u00c1TICA<\/strong> en sus principios, en sus valores y en sus pr\u00e1cticas y estructuras.<\/li>\n\n\n\n<li>De car\u00e1cter <strong>VOLUNTARIO<\/strong> en su compromiso y pertenencia.<\/li>\n\n\n\n<li><strong>INDEPENDIENTE.<\/strong> Tan solo sujeta a las directrices de la organizaci\u00f3n internacional a la que est\u00e1 afiliada (ISGF-AISG) y a los tratados de colaboraci\u00f3n que pudieran determinarse.<\/li>\n\n\n\n<li><strong>ACONFESIONAL<\/strong> respetando cualquier manifestaci\u00f3n religiosa, espiritual o creencia de \u00edndole personal, siempre que no entre en conflicto con la \u00e9tica scout y gu\u00eda.<\/li>\n\n\n\n<li><strong>DEFENSORA DE LA VIDA Y COMPROMETIDA CON LA DEFENSA DE LOS DERECHOS HUMANOS<\/strong>, especialmente cuando se trata de los m\u00e1s indefensos y vulnerables.<\/li>\n\n\n\n<li><strong>RESPETUOSA Y CONSERVACIONISTA CON EL MEDIO AMBIENTE,<\/strong> desde el convencimiento de que una actitud proactiva en su defensa nos ayudar\u00e1 a mejorar el mundo.<\/li>\n\n\n\n<li><strong>TOLERANTE Y RESPETUOSA<\/strong> con los dem\u00e1s.<\/li>\n\n\n\n<li><strong>COMPROMETIDA Y SOLIDARIA<\/strong> especialmente con los m\u00e1s desfavorecidos y\/o en riesgo de exclusi\u00f3n social, o en las tareas de apoyo y\/o auxilio de las v\u00edctimas de cualquier cat\u00e1strofe humanitaria dentro o fuera de nuestras fronteras<\/li>\n<\/ul>\n","protected":false},"excerpt":{"rendered":"<p>En ASGAEx&nbsp;&nbsp;nos definimos como una Asociaci\u00f3n: <a class=\"continue-reading-link\" href=\"https:\/\/asgaex.aisg.es\/?page_id=11\">Continue reading<\/a><\/p>\n","protected":false},"author":5,"featured_media":0,"parent":113,"menu_order":0,"comment_status":"closed","ping_status":"closed","template":"","meta":{"_editorskit_title_hidden":false,"_editorskit_reading_time":0,"_editorskit_is_block_options_detached":false,"_editorskit_block_options_position":"{}","_crdt_document":"","_uag_custom_page_level_css":"","ngg_post_thumbnail":0,"footnotes":""},"class_list":["post-11","page","type-page","status-publish","hentry"],"uagb_featured_image_src":{"full":false,"thumbnail":false,"medium":false,"medium_large":false,"large":false,"1536x1536":false,"2048x2048":false,"custom":false,"post-thumbnail":false,"header":false,"slider":false,"parabola-columns":false},"uagb_author_info":{"display_name":"admin","author_link":"https:\/\/asgaex.aisg.es\/?author=5"},"uagb_comment_info":0,"uagb_excerpt":"En ASGAEx&nbsp;&nbsp;nos definimos como una Asociaci\u00f3n: Continue reading","_links":{"self":[{"href":"https:\/\/asgaex.aisg.es\/index.php?rest_route=\/wp\/v2\/pages\/11","targetHints":{"allow":["GET"]}}],"collection":[{"href":"https:\/\/asgaex.aisg.es\/index.php?rest_route=\/wp\/v2\/pages"}],"about":[{"href":"https:\/\/asgaex.aisg.es\/index.php?rest_route=\/wp\/v2\/types\/page"}],"author":[{"embeddable":true,"href":"https:\/\/asgaex.aisg.es\/index.php?rest_route=\/wp\/v2\/users\/5"}],"replies":[{"embeddable":true,"href":"https:\/\/asgaex.aisg.es\/index.php?rest_route=%2Fwp%2Fv2%2Fcomments&post=11"}],"version-history":[{"count":6,"href":"https:\/\/asgaex.aisg.es\/index.php?rest_route=\/wp\/v2\/pages\/11\/revisions"}],"predecessor-version":[{"id":327,"href":"https:\/\/asgaex.aisg.es\/index.php?rest_route=\/wp\/v2\/pages\/11\/revisions\/327"}],"up":[{"embeddable":true,"href":"https:\/\/asgaex.aisg.es\/index.php?rest_route=\/wp\/v2\/pages\/113"}],"wp:attachment":[{"href":"https:\/\/asgaex.aisg.es\/index.php?rest_route=%2Fwp%2Fv2%2Fmedia&parent=11"}],"curies":[{"name":"wp","href":"https:\/\/api.w.org\/{rel}","templated":true}]}}