{"id":129,"date":"2016-04-24T18:26:48","date_gmt":"2016-04-24T17:26:48","guid":{"rendered":"https:\/\/asgaex.aisg.es\/?page_id=129"},"modified":"2025-10-29T17:06:55","modified_gmt":"2025-10-29T16:06:55","slug":"aisg","status":"publish","type":"page","link":"https:\/\/asgaex.aisg.es\/?page_id=129","title":{"rendered":"AISG"},"content":{"rendered":"\n<h2 class=\"wp-block-heading\"><a href=\"http:\/\/aisg.es\">AISG Espa\u00f1a &#8211; Amistad Internacional Scout y Gu\u00eda Espa\u00f1a <\/a><\/h2>\n\n\n\n<h2 class=\"wp-block-heading has-text-align-center\"><figure><a href=\"http:\/\/aisg.es\"><img loading=\"lazy\" decoding=\"async\" class=\"size-medium wp-image-130 aligncenter\" src=\"https:\/\/asgaex.aisg.es\/wp-content\/uploads\/2016\/04\/aisg2-300x294.bmp\" alt=\"AISG\" width=\"300\" height=\"294\" srcset=\"https:\/\/asgaex.aisg.es\/wp-content\/uploads\/2016\/04\/aisg2-300x294.bmp 300w, https:\/\/asgaex.aisg.es\/wp-content\/uploads\/2016\/04\/aisg2.bmp 545w\" sizes=\"auto, (max-width: 300px) 100vw, 300px\" \/><\/a><\/figure><\/h2>\n\n\n\n<p class=\"wp-block-paragraph\"><\/p>\n","protected":false},"excerpt":{"rendered":"<p>AISG Espa\u00f1a &#8211; Amistad Internacional Scout y Gu\u00eda Espa\u00f1a <a class=\"continue-reading-link\" href=\"https:\/\/asgaex.aisg.es\/?page_id=129\">Continue reading<\/a><\/p>\n","protected":false},"author":2,"featured_media":0,"parent":0,"menu_order":0,"comment_status":"closed","ping_status":"closed","template":"","meta":{"_editorskit_title_hidden":true,"_editorskit_reading_time":0,"_editorskit_is_block_options_detached":false,"_editorskit_block_options_position":"{}","_crdt_document":"","_uag_custom_page_level_css":"","ngg_post_thumbnail":0,"footnotes":""},"class_list":["post-129","page","type-page","status-publish","hentry"],"uagb_featured_image_src":{"full":false,"thumbnail":false,"medium":false,"medium_large":false,"large":false,"1536x1536":false,"2048x2048":false,"custom":false,"post-thumbnail":false,"header":false,"slider":false,"parabola-columns":false},"uagb_author_info":{"display_name":"Fernando Freire","author_link":"https:\/\/asgaex.aisg.es\/?author=2"},"uagb_comment_info":0,"uagb_excerpt":"AISG Espa\u00f1a &#8211; Amistad Internacional Scout y Gu\u00eda Espa\u00f1a Continue reading","_links":{"self":[{"href":"https:\/\/asgaex.aisg.es\/index.php?rest_route=\/wp\/v2\/pages\/129","targetHints":{"allow":["GET"]}}],"collection":[{"href":"https:\/\/asgaex.aisg.es\/index.php?rest_route=\/wp\/v2\/pages"}],"about":[{"href":"https:\/\/asgaex.aisg.es\/index.php?rest_route=\/wp\/v2\/types\/page"}],"author":[{"embeddable":true,"href":"https:\/\/asgaex.aisg.es\/index.php?rest_route=\/wp\/v2\/users\/2"}],"replies":[{"embeddable":true,"href":"https:\/\/asgaex.aisg.es\/index.php?rest_route=%2Fwp%2Fv2%2Fcomments&post=129"}],"version-history":[{"count":4,"href":"https:\/\/asgaex.aisg.es\/index.php?rest_route=\/wp\/v2\/pages\/129\/revisions"}],"predecessor-version":[{"id":269,"href":"https:\/\/asgaex.aisg.es\/index.php?rest_route=\/wp\/v2\/pages\/129\/revisions\/269"}],"wp:attachment":[{"href":"https:\/\/asgaex.aisg.es\/index.php?rest_route=%2Fwp%2Fv2%2Fmedia&parent=129"}],"curies":[{"name":"wp","href":"https:\/\/api.w.org\/{rel}","templated":true}]}}