{"id":14,"date":"2016-01-07T19:14:37","date_gmt":"2016-01-07T19:14:37","guid":{"rendered":"https:\/\/asgaex.aisg.es\/?page_id=14"},"modified":"2025-08-06T11:58:13","modified_gmt":"2025-08-06T10:58:13","slug":"compromiso-federativo","status":"publish","type":"page","link":"https:\/\/asgaex.aisg.es\/?page_id=14","title":{"rendered":"Compromiso Federativo"},"content":{"rendered":"\n<h2 class=\"wp-block-heading\">Pre\u00e1mbulo e Introducci\u00f3n del Compromiso Federativo<\/h2>\n\n\n\n<p class=\"wp-block-paragraph\">&nbsp;<\/p>\n\n\n<div class=\"wp-block-image\">\n<figure class=\"alignleft size-full\"><a href=\"https:\/\/asgaex.aisg.es\/wp-content\/uploads\/2016\/01\/20120117191024-nueva-imagen.jpg\"><img loading=\"lazy\" decoding=\"async\" width=\"240\" height=\"250\" src=\"https:\/\/asgaex.aisg.es\/wp-content\/uploads\/2016\/01\/20120117191024-nueva-imagen.jpg\" alt=\"\" class=\"wp-image-4\"\/><\/a><figcaption class=\"wp-element-caption\">Compromiso Federativo AISG Espa\u00f1a<\/figcaption><\/figure>\n<\/div>\n\n\n<p class=\"wp-block-paragraph\">I.-Pre\u00e1mbulo<br>Reunida la Asamblea de la Amistad Internacional Scout y Gu\u00eda-Espa\u00f1a (AISG-Espa\u00f1a), a propuesta de la I Conferencia Federal celebrada en Granada los d\u00edas 6 y 7 de diciembre de 2013, en la ciudad de Madrid, en la fecha de 30 de marzo de 2014, acuerda la aprobaci\u00f3n del presente \u201cCompromiso Federativo de AISG-Espa\u00f1a 2014\u201d.<br>Por tanto, todos los asociados de las diferentes Asociaciones federadas se comprometen a llevarlo a cabo, siendo el deber de las Asociaciones que componen nuestra Federaci\u00f3n, asumir \u00edntegramente este documento, velando que sus miembros pongan en pr\u00e1ctica lo que en \u00e9l se expone.<\/p>\n\n\n\n<p class=\"wp-block-paragraph\">II.- Introducci\u00f3n<br>El Compromiso Federativo de AISG-Espa\u00f1a responde a los siguientes objetivos:<br>1. Concretar la filosof\u00eda de la Federaci\u00f3n y detallar el marco de actuaci\u00f3n de sus asociados y Asociaciones federadas.<br>2. Exponer, en un documento abierto dirigido a los asociados, Asociaciones federadas y sociedad en general, cual es nuestra propuesta de actuaci\u00f3n.<br>El Compromiso Federativo de AISG-Espa\u00f1a responde a la necesidad de imple-mentar las l\u00edneas marcadas en los estatutos de ISGF\/AISG y en los estatutos de AISG-Espa\u00f1a.<br>Por ello, los contenidos enunciados en este Compromiso no pueden ni deben contradecir en modo alguno a los documentos citados anteriormente, sino que por el contrario, asume en su totalidad las l\u00edneas de actuaci\u00f3n enunciadas en ellos.<br>Por \u00faltimo, AISG-Espa\u00f1a manifiesta que este Compromiso debe revisarse peri\u00f3dicamente para irse adaptando a los cambios que vayan surgiendo, tanto en nuestras Asociaciones Federadas como en la sociedad donde se enmarca nuestra federaci\u00f3n.<\/p>\n","protected":false},"excerpt":{"rendered":"<p>Pre\u00e1mbulo e Introducci\u00f3n del Compromiso Federativo &nbsp; I.-Pre\u00e1mbuloReunida la Asamblea de la Amistad Internacional Scout y Gu\u00eda-Espa\u00f1a (AISG-Espa\u00f1a), a propuesta de la I Conferencia Federal celebrada en Granada los d\u00edas 6 y 7 de diciembre de 2013, en la ciudad de Madrid, en la fecha de 30 de marzo de&#8230; <a class=\"continue-reading-link\" href=\"https:\/\/asgaex.aisg.es\/?page_id=14\">Continue reading<\/a><\/p>\n","protected":false},"author":5,"featured_media":0,"parent":0,"menu_order":0,"comment_status":"closed","ping_status":"closed","template":"","meta":{"_editorskit_title_hidden":false,"_editorskit_reading_time":0,"_editorskit_is_block_options_detached":false,"_editorskit_block_options_position":"{}","_crdt_document":"","_uag_custom_page_level_css":"","ngg_post_thumbnail":0,"footnotes":""},"class_list":["post-14","page","type-page","status-publish","hentry"],"uagb_featured_image_src":{"full":false,"thumbnail":false,"medium":false,"medium_large":false,"large":false,"1536x1536":false,"2048x2048":false,"custom":false,"post-thumbnail":false,"header":false,"slider":false,"parabola-columns":false},"uagb_author_info":{"display_name":"admin","author_link":"https:\/\/asgaex.aisg.es\/?author=5"},"uagb_comment_info":0,"uagb_excerpt":"Pre\u00e1mbulo e Introducci\u00f3n del Compromiso Federativo &nbsp; I.-Pre\u00e1mbuloReunida la Asamblea de la Amistad Internacional Scout y Gu\u00eda-Espa\u00f1a (AISG-Espa\u00f1a), a propuesta de la I Conferencia Federal celebrada en Granada los d\u00edas 6 y 7 de diciembre de 2013, en la ciudad de Madrid, en la fecha de 30 de marzo de... Continue reading","_links":{"self":[{"href":"https:\/\/asgaex.aisg.es\/index.php?rest_route=\/wp\/v2\/pages\/14","targetHints":{"allow":["GET"]}}],"collection":[{"href":"https:\/\/asgaex.aisg.es\/index.php?rest_route=\/wp\/v2\/pages"}],"about":[{"href":"https:\/\/asgaex.aisg.es\/index.php?rest_route=\/wp\/v2\/types\/page"}],"author":[{"embeddable":true,"href":"https:\/\/asgaex.aisg.es\/index.php?rest_route=\/wp\/v2\/users\/5"}],"replies":[{"embeddable":true,"href":"https:\/\/asgaex.aisg.es\/index.php?rest_route=%2Fwp%2Fv2%2Fcomments&post=14"}],"version-history":[{"count":6,"href":"https:\/\/asgaex.aisg.es\/index.php?rest_route=\/wp\/v2\/pages\/14\/revisions"}],"predecessor-version":[{"id":329,"href":"https:\/\/asgaex.aisg.es\/index.php?rest_route=\/wp\/v2\/pages\/14\/revisions\/329"}],"wp:attachment":[{"href":"https:\/\/asgaex.aisg.es\/index.php?rest_route=%2Fwp%2Fv2%2Fmedia&parent=14"}],"curies":[{"name":"wp","href":"https:\/\/api.w.org\/{rel}","templated":true}]}}