{"id":2,"date":"2015-04-23T22:35:47","date_gmt":"2015-04-23T22:35:47","guid":{"rendered":"https:\/\/asgaex.aisg.es\/?page_id=2"},"modified":"2025-08-06T11:27:54","modified_gmt":"2025-08-06T10:27:54","slug":"sample-page","status":"publish","type":"page","link":"https:\/\/asgaex.aisg.es\/?page_id=2","title":{"rendered":"Pertenecemos"},"content":{"rendered":"\n<div class=\"wp-block-media-text is-stacked-on-mobile\" style=\"grid-template-columns:26% auto\"><figure class=\"wp-block-media-text__media\"><img loading=\"lazy\" decoding=\"async\" width=\"545\" height=\"534\" src=\"https:\/\/asgaex.aisg.es\/wp-content\/uploads\/2016\/04\/aisg2.bmp\" alt=\"\" class=\"wp-image-130 size-full\" srcset=\"https:\/\/asgaex.aisg.es\/wp-content\/uploads\/2016\/04\/aisg2.bmp 545w, https:\/\/asgaex.aisg.es\/wp-content\/uploads\/2016\/04\/aisg2-300x294.bmp 300w\" sizes=\"auto, (max-width: 545px) 100vw, 545px\" \/><\/figure><div class=\"wp-block-media-text__content\">\n<p class=\"wp-block-paragraph\">La <a href=\"http:\/\/aisg.es\">Amistad Internacional Scout y Gu\u00eda Espa\u00f1a (AISG-Espa\u00f1a) <\/a>es:<\/p>\n\n\n\n<p class=\"wp-block-paragraph\">1. Una organizaci\u00f3n independiente para adultos,<\/p>\n\n\n\n<p class=\"wp-block-paragraph\">2. Con el fin de contribuir a promover en sus asociados un proceso continuo de desarrollo personal y de servicio a la sociedad, seg\u00fan los valores del escultismo y guidismo.<\/p>\n<\/div><\/div>\n\n\n\n<p class=\"wp-block-paragraph\">3. Constituida como una Federaci\u00f3n de Asociaciones con \u00e1mbito de actuaci\u00f3n en sus distintas localidades, provincias o comunidades aut\u00f3nomas,<\/p>\n\n\n\n<p class=\"wp-block-paragraph\">4. Que respeta y reconoce la diversidad cultural de cada una de ellas.<\/p>\n\n\n\n<p class=\"wp-block-paragraph\"><\/p>\n","protected":false},"excerpt":{"rendered":"<p>La Amistad Internacional Scout y Gu\u00eda Espa\u00f1a (AISG-Espa\u00f1a) es: 1. Una organizaci\u00f3n independiente para adultos, 2. Con el fin de contribuir a promover en sus asociados un proceso continuo de desarrollo personal y de servicio a la sociedad, seg\u00fan los valores del escultismo y guidismo. 3. Constituida como una Federaci\u00f3n&#8230; <a class=\"continue-reading-link\" href=\"https:\/\/asgaex.aisg.es\/?page_id=2\">Continue reading<\/a><\/p>\n","protected":false},"author":5,"featured_media":0,"parent":113,"menu_order":0,"comment_status":"closed","ping_status":"closed","template":"","meta":{"_editorskit_title_hidden":false,"_editorskit_reading_time":0,"_editorskit_is_block_options_detached":false,"_editorskit_block_options_position":"{}","_crdt_document":"","_uag_custom_page_level_css":"","ngg_post_thumbnail":0,"footnotes":""},"class_list":["post-2","page","type-page","status-publish","hentry"],"uagb_featured_image_src":{"full":false,"thumbnail":false,"medium":false,"medium_large":false,"large":false,"1536x1536":false,"2048x2048":false,"custom":false,"post-thumbnail":false,"header":false,"slider":false,"parabola-columns":false},"uagb_author_info":{"display_name":"admin","author_link":"https:\/\/asgaex.aisg.es\/?author=5"},"uagb_comment_info":0,"uagb_excerpt":"La Amistad Internacional Scout y Gu\u00eda Espa\u00f1a (AISG-Espa\u00f1a) es: 1. Una organizaci\u00f3n independiente para adultos, 2. Con el fin de contribuir a promover en sus asociados un proceso continuo de desarrollo personal y de servicio a la sociedad, seg\u00fan los valores del escultismo y guidismo. 3. Constituida como una Federaci\u00f3n... Continue reading","_links":{"self":[{"href":"https:\/\/asgaex.aisg.es\/index.php?rest_route=\/wp\/v2\/pages\/2","targetHints":{"allow":["GET"]}}],"collection":[{"href":"https:\/\/asgaex.aisg.es\/index.php?rest_route=\/wp\/v2\/pages"}],"about":[{"href":"https:\/\/asgaex.aisg.es\/index.php?rest_route=\/wp\/v2\/types\/page"}],"author":[{"embeddable":true,"href":"https:\/\/asgaex.aisg.es\/index.php?rest_route=\/wp\/v2\/users\/5"}],"replies":[{"embeddable":true,"href":"https:\/\/asgaex.aisg.es\/index.php?rest_route=%2Fwp%2Fv2%2Fcomments&post=2"}],"version-history":[{"count":8,"href":"https:\/\/asgaex.aisg.es\/index.php?rest_route=\/wp\/v2\/pages\/2\/revisions"}],"predecessor-version":[{"id":326,"href":"https:\/\/asgaex.aisg.es\/index.php?rest_route=\/wp\/v2\/pages\/2\/revisions\/326"}],"up":[{"embeddable":true,"href":"https:\/\/asgaex.aisg.es\/index.php?rest_route=\/wp\/v2\/pages\/113"}],"wp:attachment":[{"href":"https:\/\/asgaex.aisg.es\/index.php?rest_route=%2Fwp%2Fv2%2Fmedia&parent=2"}],"curies":[{"name":"wp","href":"https:\/\/api.w.org\/{rel}","templated":true}]}}