{"id":350,"date":"2025-10-30T18:12:48","date_gmt":"2025-10-30T17:12:48","guid":{"rendered":"https:\/\/asgaex.aisg.es\/?page_id=350"},"modified":"2026-03-15T21:25:21","modified_gmt":"2026-03-15T20:25:21","slug":"uniformidad-en-asgaex","status":"publish","type":"page","link":"https:\/\/asgaex.aisg.es\/?page_id=350","title":{"rendered":"Uniformidad en ASGAEX"},"content":{"rendered":"<figure class=\"wp-block-post-featured-image\"><a href=\"https:\/\/asgaex.aisg.es\/?page_id=350\" title=\"Uniformidad en ASGAEX\"><img loading=\"lazy\" decoding=\"async\" width=\"1024\" height=\"200\" src=\"https:\/\/asgaex.aisg.es\/wp-content\/uploads\/2026\/03\/Encabezado-Unifor-1024x200.png\" class=\"attachment-large size-large wp-post-image\" alt=\"\" style=\"object-fit:cover;\" srcset=\"https:\/\/asgaex.aisg.es\/wp-content\/uploads\/2026\/03\/Encabezado-Unifor-1024x200.png 1024w, https:\/\/asgaex.aisg.es\/wp-content\/uploads\/2026\/03\/Encabezado-Unifor-300x59.png 300w, https:\/\/asgaex.aisg.es\/wp-content\/uploads\/2026\/03\/Encabezado-Unifor-768x150.png 768w, https:\/\/asgaex.aisg.es\/wp-content\/uploads\/2026\/03\/Encabezado-Unifor-150x29.png 150w, https:\/\/asgaex.aisg.es\/wp-content\/uploads\/2026\/03\/Encabezado-Unifor.png 1280w\" sizes=\"auto, (max-width: 1024px) 100vw, 1024px\" \/><\/a><\/figure>\n\n\n<p class=\"wp-block-paragraph\">La uniformidad de ASGAEX es muy sencilla. Se compone de un polo negro, da igual de manga larga o corta. Sobre el pecho en el lado izquierdo estar\u00e1 cosida nuestra insignia (Proporcionada por la Asociaci\u00f3n).<\/p>\n\n\n\n<p class=\"wp-block-paragraph\">El otro elemento de nuestra uniformidad es el s\u00edmbolo Scout por excelencia. La pa\u00f1oleta. Nuestra pa\u00f1oleta es de fondo verde con cintas de color blanca y negra en el borde, siendo la cinta negra la exterior y la blanca la interior.<\/p>\n\n\n\n<p class=\"wp-block-paragraph\">Aqu\u00ed os dejamos una imagen de nuestra uniformidad.<\/p>\n\n\n<div class=\"wp-block-image\">\n<figure class=\"aligncenter size-full is-resized\"><a href=\"https:\/\/asgaex.aisg.es\/wp-content\/uploads\/2025\/11\/Uniforme-ASGAEX-1.png\"><img loading=\"lazy\" decoding=\"async\" width=\"500\" height=\"500\" src=\"https:\/\/asgaex.aisg.es\/wp-content\/uploads\/2025\/11\/Uniforme-ASGAEX-1.png\" alt=\"\" class=\"wp-image-361\" style=\"width:671px;height:auto\" srcset=\"https:\/\/asgaex.aisg.es\/wp-content\/uploads\/2025\/11\/Uniforme-ASGAEX-1.png 500w, https:\/\/asgaex.aisg.es\/wp-content\/uploads\/2025\/11\/Uniforme-ASGAEX-1-300x300.png 300w, https:\/\/asgaex.aisg.es\/wp-content\/uploads\/2025\/11\/Uniforme-ASGAEX-1-150x150.png 150w, https:\/\/asgaex.aisg.es\/wp-content\/uploads\/2025\/11\/Uniforme-ASGAEX-1-350x350.png 350w\" sizes=\"auto, (max-width: 500px) 100vw, 500px\" \/><\/a><\/figure>\n<\/div>","protected":false},"excerpt":{"rendered":"<p>La uniformidad de ASGAEX es muy sencilla. Se compone de un polo negro, da igual de manga larga o corta. Sobre el pecho en el lado izquierdo estar\u00e1 cosida nuestra insignia (Proporcionada por la Asociaci\u00f3n). El otro elemento de nuestra uniformidad es el s\u00edmbolo Scout por excelencia. La pa\u00f1oleta. Nuestra&#8230; <a class=\"continue-reading-link\" href=\"https:\/\/asgaex.aisg.es\/?page_id=350\">Continue reading<\/a><\/p>\n","protected":false},"author":4,"featured_media":569,"parent":0,"menu_order":0,"comment_status":"closed","ping_status":"closed","template":"","meta":{"_editorskit_title_hidden":true,"_editorskit_reading_time":0,"_editorskit_is_block_options_detached":false,"_editorskit_block_options_position":"{}","_crdt_document":"","_uag_custom_page_level_css":"","ngg_post_thumbnail":0,"footnotes":""},"class_list":["post-350","page","type-page","status-publish","has-post-thumbnail","hentry"],"uagb_featured_image_src":{"full":["https:\/\/asgaex.aisg.es\/wp-content\/uploads\/2026\/03\/Encabezado-Unifor.png",1280,250,false],"thumbnail":["https:\/\/asgaex.aisg.es\/wp-content\/uploads\/2026\/03\/Encabezado-Unifor-150x150.png",150,150,true],"medium":["https:\/\/asgaex.aisg.es\/wp-content\/uploads\/2026\/03\/Encabezado-Unifor-300x59.png",300,59,true],"medium_large":["https:\/\/asgaex.aisg.es\/wp-content\/uploads\/2026\/03\/Encabezado-Unifor-768x150.png",768,150,true],"large":["https:\/\/asgaex.aisg.es\/wp-content\/uploads\/2026\/03\/Encabezado-Unifor-1024x200.png",1024,200,true],"1536x1536":["https:\/\/asgaex.aisg.es\/wp-content\/uploads\/2026\/03\/Encabezado-Unifor.png",1280,250,false],"2048x2048":["https:\/\/asgaex.aisg.es\/wp-content\/uploads\/2026\/03\/Encabezado-Unifor.png",1280,250,false],"custom":["https:\/\/asgaex.aisg.es\/wp-content\/uploads\/2026\/03\/Encabezado-Unifor.png",1280,250,false],"post-thumbnail":["https:\/\/asgaex.aisg.es\/wp-content\/uploads\/2026\/03\/Encabezado-Unifor-150x29.png",150,29,true],"header":["https:\/\/asgaex.aisg.es\/wp-content\/uploads\/2026\/03\/Encabezado-Unifor.png",1280,250,false],"slider":["https:\/\/asgaex.aisg.es\/wp-content\/uploads\/2026\/03\/Encabezado-Unifor-1200x250.png",1200,250,true],"parabola-columns":["https:\/\/asgaex.aisg.es\/wp-content\/uploads\/2026\/03\/Encabezado-Unifor-284x250.png",284,250,true]},"uagb_author_info":{"display_name":"RRSS- Manuel \u00c1. de la Coba","author_link":"https:\/\/asgaex.aisg.es\/?author=4"},"uagb_comment_info":0,"uagb_excerpt":"La uniformidad de ASGAEX es muy sencilla. Se compone de un polo negro, da igual de manga larga o corta. Sobre el pecho en el lado izquierdo estar\u00e1 cosida nuestra insignia (Proporcionada por la Asociaci\u00f3n). El otro elemento de nuestra uniformidad es el s\u00edmbolo Scout por excelencia. La pa\u00f1oleta. Nuestra... Continue reading","_links":{"self":[{"href":"https:\/\/asgaex.aisg.es\/index.php?rest_route=\/wp\/v2\/pages\/350","targetHints":{"allow":["GET"]}}],"collection":[{"href":"https:\/\/asgaex.aisg.es\/index.php?rest_route=\/wp\/v2\/pages"}],"about":[{"href":"https:\/\/asgaex.aisg.es\/index.php?rest_route=\/wp\/v2\/types\/page"}],"author":[{"embeddable":true,"href":"https:\/\/asgaex.aisg.es\/index.php?rest_route=\/wp\/v2\/users\/4"}],"replies":[{"embeddable":true,"href":"https:\/\/asgaex.aisg.es\/index.php?rest_route=%2Fwp%2Fv2%2Fcomments&post=350"}],"version-history":[{"count":3,"href":"https:\/\/asgaex.aisg.es\/index.php?rest_route=\/wp\/v2\/pages\/350\/revisions"}],"predecessor-version":[{"id":570,"href":"https:\/\/asgaex.aisg.es\/index.php?rest_route=\/wp\/v2\/pages\/350\/revisions\/570"}],"wp:featuredmedia":[{"embeddable":true,"href":"https:\/\/asgaex.aisg.es\/index.php?rest_route=\/wp\/v2\/media\/569"}],"wp:attachment":[{"href":"https:\/\/asgaex.aisg.es\/index.php?rest_route=%2Fwp%2Fv2%2Fmedia&parent=350"}],"curies":[{"name":"wp","href":"https:\/\/api.w.org\/{rel}","templated":true}]}}