{"id":40,"date":"2016-01-07T20:43:42","date_gmt":"2016-01-07T20:43:42","guid":{"rendered":"https:\/\/asgaex.aisg.es\/?page_id=40"},"modified":"2026-03-15T21:14:53","modified_gmt":"2026-03-15T20:14:53","slug":"antecedentes-historicos","status":"publish","type":"page","link":"https:\/\/asgaex.aisg.es\/?page_id=40","title":{"rendered":"Antecedentes Hist\u00f3ricos"},"content":{"rendered":"<figure class=\"wp-block-post-featured-image\"><a href=\"https:\/\/asgaex.aisg.es\/?page_id=40\" title=\"Antecedentes Hist\u00f3ricos\"><img loading=\"lazy\" decoding=\"async\" width=\"1280\" height=\"250\" src=\"https:\/\/asgaex.aisg.es\/wp-content\/uploads\/2026\/03\/Encabezado-Iradier.png\" class=\"attachment-full size-full wp-post-image\" alt=\"\" style=\"object-fit:cover;\" srcset=\"https:\/\/asgaex.aisg.es\/wp-content\/uploads\/2026\/03\/Encabezado-Iradier.png 1280w, https:\/\/asgaex.aisg.es\/wp-content\/uploads\/2026\/03\/Encabezado-Iradier-300x59.png 300w, https:\/\/asgaex.aisg.es\/wp-content\/uploads\/2026\/03\/Encabezado-Iradier-1024x200.png 1024w, https:\/\/asgaex.aisg.es\/wp-content\/uploads\/2026\/03\/Encabezado-Iradier-768x150.png 768w, https:\/\/asgaex.aisg.es\/wp-content\/uploads\/2026\/03\/Encabezado-Iradier-150x29.png 150w\" sizes=\"auto, (max-width: 1280px) 100vw, 1280px\" \/><\/a><\/figure>\n\n\n<p class=\"wp-block-paragraph\">Los primeros datos sobre el Escultismo Adulto se remontan a los pocos a\u00f1os de creaci\u00f3n del Escultismo en Espa\u00f1a. As\u00ed, en el Art\u00edculo 96, de los Estatutos y Reglamento Org\u00e1nico de los Exploradores de Espa\u00f1a, transcritos en el Real Decreto, en la Gaceta de Madrid n\u00ba321, del 17 de noviembre de 1922, recomienda \u201c<em>&#8230; al cumplir un Explorador los veinti\u00fan a\u00f1os, ser\u00e1 dado de baja en la Tropa y pasar\u00e1, a su elecci\u00f3n, a la agrupaci\u00f3n de Antiguos Exploradores&#8230;<\/em>\u201d deduciendo que ser\u00e1 como una Rama de la Instituci\u00f3n.<\/p>\n\n\n\n<div class=\"wp-block-media-text is-stacked-on-mobile\" style=\"grid-template-columns:41% auto\"><figure class=\"wp-block-media-text__media\"><img loading=\"lazy\" decoding=\"async\" width=\"250\" height=\"333\" src=\"https:\/\/asgaex.aisg.es\/wp-content\/uploads\/2025\/08\/Teodoro_Iradier.jpg\" alt=\"\" class=\"wp-image-318 size-full\" srcset=\"https:\/\/asgaex.aisg.es\/wp-content\/uploads\/2025\/08\/Teodoro_Iradier.jpg 250w, https:\/\/asgaex.aisg.es\/wp-content\/uploads\/2025\/08\/Teodoro_Iradier-225x300.jpg 225w, https:\/\/asgaex.aisg.es\/wp-content\/uploads\/2025\/08\/Teodoro_Iradier-113x150.jpg 113w\" sizes=\"auto, (max-width: 250px) 100vw, 250px\" \/><\/figure><div class=\"wp-block-media-text__content\">\n<p class=\"wp-block-paragraph\">En Septiembre de 1932, Teodoro de Iradier funda con \u00e1mbito estatal, la asociaci\u00f3n \u201cAntiguos Exploradores\u201d, que funciona a buen ritmo, hasta que en 1939 es disuelta. Se produce un vac\u00edo escultista por la Orden Circular n\u00ba 9 del Ministerio de Gobernaci\u00f3n, fechada el 22 de abril de 1939, enviada a los gobernadores civiles, en la que dispone la suspensi\u00f3n de las actividades de la Asociaci\u00f3n Nacional de los Exploradores de Espa\u00f1a.<br>Tras la Guerra Civil y de forma semiclandestina, en algunas localidades se constituyen asociaciones de \u201cAntiguos Exploradores\u201d.<\/p>\n<\/div><\/div>\n\n\n\n<p class=\"wp-block-paragraph\">El 1 de mayo de 1977 se funda con car\u00e1cter estatal la \u201cAsociaci\u00f3n de Antiguos Exploradores, Scouts y Gu\u00edas de Espa\u00f1a\u201d. El 11 de octubre de 1985 cambia su denominaci\u00f3n a Asociaci\u00f3n Espa\u00f1ola de Antiguos Exploradores, Scouts y Gu\u00edas. En mayo de 1991, se convierte en federaci\u00f3n, pasando a denominarse Federaci\u00f3n de Scouts y Gu\u00edas Adultos, cambiando la denominaci\u00f3n en 1996 por Federaci\u00f3n Espa\u00f1ola de Asociaciones de Scouts y Gu\u00edas Adultos.<\/p>\n\n\n\n<p class=\"wp-block-paragraph\">El 8 de agosto de 1979, en el transcurso de la XIII Asamblea General celebrada en Bergen (Suecia), el escultimo adulto espa\u00f1ol (AISG-Espa\u00f1a) es reconocido por la International Fellowship of Former Scouts and Guides \u2013 Amiti\u00e9 International des Scouts et Guides (ISGF-AISG) .<\/p>\n\n\n\n<p class=\"wp-block-paragraph\"><\/p>\n","protected":false},"excerpt":{"rendered":"<p>Los primeros datos sobre el Escultismo Adulto se remontan a los pocos a\u00f1os de creaci\u00f3n del Escultismo en Espa\u00f1a. As\u00ed, en el Art\u00edculo 96, de los Estatutos y Reglamento Org\u00e1nico de los Exploradores de Espa\u00f1a, transcritos en el Real Decreto, en la Gaceta de Madrid n\u00ba321, del 17 de noviembre&#8230; <a class=\"continue-reading-link\" href=\"https:\/\/asgaex.aisg.es\/?page_id=40\">Continue reading<\/a><\/p>\n","protected":false},"author":5,"featured_media":563,"parent":113,"menu_order":0,"comment_status":"closed","ping_status":"closed","template":"","meta":{"_editorskit_title_hidden":true,"_editorskit_reading_time":0,"_editorskit_is_block_options_detached":false,"_editorskit_block_options_position":"{}","_crdt_document":"","_uag_custom_page_level_css":"","ngg_post_thumbnail":0,"footnotes":""},"class_list":["post-40","page","type-page","status-publish","has-post-thumbnail","hentry"],"uagb_featured_image_src":{"full":["https:\/\/asgaex.aisg.es\/wp-content\/uploads\/2026\/03\/Encabezado-Iradier.png",1280,250,false],"thumbnail":["https:\/\/asgaex.aisg.es\/wp-content\/uploads\/2026\/03\/Encabezado-Iradier-150x150.png",150,150,true],"medium":["https:\/\/asgaex.aisg.es\/wp-content\/uploads\/2026\/03\/Encabezado-Iradier-300x59.png",300,59,true],"medium_large":["https:\/\/asgaex.aisg.es\/wp-content\/uploads\/2026\/03\/Encabezado-Iradier-768x150.png",768,150,true],"large":["https:\/\/asgaex.aisg.es\/wp-content\/uploads\/2026\/03\/Encabezado-Iradier-1024x200.png",1024,200,true],"1536x1536":["https:\/\/asgaex.aisg.es\/wp-content\/uploads\/2026\/03\/Encabezado-Iradier.png",1280,250,false],"2048x2048":["https:\/\/asgaex.aisg.es\/wp-content\/uploads\/2026\/03\/Encabezado-Iradier.png",1280,250,false],"custom":["https:\/\/asgaex.aisg.es\/wp-content\/uploads\/2026\/03\/Encabezado-Iradier.png",1280,250,false],"post-thumbnail":["https:\/\/asgaex.aisg.es\/wp-content\/uploads\/2026\/03\/Encabezado-Iradier-150x29.png",150,29,true],"header":["https:\/\/asgaex.aisg.es\/wp-content\/uploads\/2026\/03\/Encabezado-Iradier.png",1280,250,false],"slider":["https:\/\/asgaex.aisg.es\/wp-content\/uploads\/2026\/03\/Encabezado-Iradier-1200x250.png",1200,250,true],"parabola-columns":["https:\/\/asgaex.aisg.es\/wp-content\/uploads\/2026\/03\/Encabezado-Iradier-284x250.png",284,250,true]},"uagb_author_info":{"display_name":"admin","author_link":"https:\/\/asgaex.aisg.es\/?author=5"},"uagb_comment_info":0,"uagb_excerpt":"Los primeros datos sobre el Escultismo Adulto se remontan a los pocos a\u00f1os de creaci\u00f3n del Escultismo en Espa\u00f1a. As\u00ed, en el Art\u00edculo 96, de los Estatutos y Reglamento Org\u00e1nico de los Exploradores de Espa\u00f1a, transcritos en el Real Decreto, en la Gaceta de Madrid n\u00ba321, del 17 de noviembre... Continue reading","_links":{"self":[{"href":"https:\/\/asgaex.aisg.es\/index.php?rest_route=\/wp\/v2\/pages\/40","targetHints":{"allow":["GET"]}}],"collection":[{"href":"https:\/\/asgaex.aisg.es\/index.php?rest_route=\/wp\/v2\/pages"}],"about":[{"href":"https:\/\/asgaex.aisg.es\/index.php?rest_route=\/wp\/v2\/types\/page"}],"author":[{"embeddable":true,"href":"https:\/\/asgaex.aisg.es\/index.php?rest_route=\/wp\/v2\/users\/5"}],"replies":[{"embeddable":true,"href":"https:\/\/asgaex.aisg.es\/index.php?rest_route=%2Fwp%2Fv2%2Fcomments&post=40"}],"version-history":[{"count":8,"href":"https:\/\/asgaex.aisg.es\/index.php?rest_route=\/wp\/v2\/pages\/40\/revisions"}],"predecessor-version":[{"id":566,"href":"https:\/\/asgaex.aisg.es\/index.php?rest_route=\/wp\/v2\/pages\/40\/revisions\/566"}],"up":[{"embeddable":true,"href":"https:\/\/asgaex.aisg.es\/index.php?rest_route=\/wp\/v2\/pages\/113"}],"wp:featuredmedia":[{"embeddable":true,"href":"https:\/\/asgaex.aisg.es\/index.php?rest_route=\/wp\/v2\/media\/563"}],"wp:attachment":[{"href":"https:\/\/asgaex.aisg.es\/index.php?rest_route=%2Fwp%2Fv2%2Fmedia&parent=40"}],"curies":[{"name":"wp","href":"https:\/\/api.w.org\/{rel}","templated":true}]}}