{"id":44,"date":"2016-01-07T20:48:41","date_gmt":"2016-01-07T20:48:41","guid":{"rendered":"https:\/\/asgaex.aisg.es\/?page_id=44"},"modified":"2026-03-15T21:25:45","modified_gmt":"2026-03-15T20:25:45","slug":"escultismo-adulto-extremadura","status":"publish","type":"page","link":"https:\/\/asgaex.aisg.es\/?page_id=44","title":{"rendered":"Escultismo Adulto Extremadura"},"content":{"rendered":"<figure class=\"wp-block-post-featured-image\"><a href=\"https:\/\/asgaex.aisg.es\/?page_id=44\" title=\"Escultismo Adulto Extremadura\"><img loading=\"lazy\" decoding=\"async\" width=\"1024\" height=\"200\" src=\"https:\/\/asgaex.aisg.es\/wp-content\/uploads\/2026\/03\/Encabezado-EscAdul-1024x200.png\" class=\"attachment-large size-large wp-post-image\" alt=\"\" style=\"object-fit:cover;\" srcset=\"https:\/\/asgaex.aisg.es\/wp-content\/uploads\/2026\/03\/Encabezado-EscAdul-1024x200.png 1024w, https:\/\/asgaex.aisg.es\/wp-content\/uploads\/2026\/03\/Encabezado-EscAdul-300x59.png 300w, https:\/\/asgaex.aisg.es\/wp-content\/uploads\/2026\/03\/Encabezado-EscAdul-768x150.png 768w, https:\/\/asgaex.aisg.es\/wp-content\/uploads\/2026\/03\/Encabezado-EscAdul-150x29.png 150w, https:\/\/asgaex.aisg.es\/wp-content\/uploads\/2026\/03\/Encabezado-EscAdul.png 1280w\" sizes=\"auto, (max-width: 1024px) 100vw, 1024px\" \/><\/a><\/figure>\n\n\n<p class=\"wp-block-paragraph\">La Asociaci\u00f3n de Scouts y Gu\u00edas Adultos de Extremadura &#8211; ASGAEX, nace el 14 de noviembre de 2004 de mano de tres antiguos miembros del Movimiento Scout en Badajoz.<\/p>\n\n\n\n<p class=\"wp-block-paragraph\">Redactados los estatutos, son presentados en el Registro de Asociaciones de la Provincia de Badajoz, secci\u00f3n primera, 3.906 de 15 de enero de 2005.<\/p>\n\n\n\n<p class=\"wp-block-paragraph\">El 25 de junio de 2005 ASGAEX es admitida como miembro de pleno derecho en la Federaci\u00f3n Amistad Internacional Scout y Gu\u00eda de Espa\u00f1a (<a href=\"http:\/\/www.aisg.es\">AISG-Espa\u00f1a<\/a>), en Asamblea Extraordinaria.<\/p>\n\n\n\n<p class=\"wp-block-paragraph\"><\/p>\n","protected":false},"excerpt":{"rendered":"<p>La Asociaci\u00f3n de Scouts y Gu\u00edas Adultos de Extremadura &#8211; ASGAEX, nace el 14 de noviembre de 2004 de mano de tres antiguos miembros del Movimiento Scout en Badajoz. Redactados los estatutos, son presentados en el Registro de Asociaciones de la Provincia de Badajoz, secci\u00f3n primera, 3.906 de 15 de&#8230; <a class=\"continue-reading-link\" href=\"https:\/\/asgaex.aisg.es\/?page_id=44\">Continue reading<\/a><\/p>\n","protected":false},"author":5,"featured_media":567,"parent":113,"menu_order":0,"comment_status":"closed","ping_status":"closed","template":"","meta":{"_editorskit_title_hidden":true,"_editorskit_reading_time":0,"_editorskit_is_block_options_detached":false,"_editorskit_block_options_position":"{}","_crdt_document":"","_uag_custom_page_level_css":"","ngg_post_thumbnail":0,"footnotes":""},"class_list":["post-44","page","type-page","status-publish","has-post-thumbnail","hentry"],"uagb_featured_image_src":{"full":["https:\/\/asgaex.aisg.es\/wp-content\/uploads\/2026\/03\/Encabezado-EscAdul.png",1280,250,false],"thumbnail":["https:\/\/asgaex.aisg.es\/wp-content\/uploads\/2026\/03\/Encabezado-EscAdul-150x150.png",150,150,true],"medium":["https:\/\/asgaex.aisg.es\/wp-content\/uploads\/2026\/03\/Encabezado-EscAdul-300x59.png",300,59,true],"medium_large":["https:\/\/asgaex.aisg.es\/wp-content\/uploads\/2026\/03\/Encabezado-EscAdul-768x150.png",768,150,true],"large":["https:\/\/asgaex.aisg.es\/wp-content\/uploads\/2026\/03\/Encabezado-EscAdul-1024x200.png",1024,200,true],"1536x1536":["https:\/\/asgaex.aisg.es\/wp-content\/uploads\/2026\/03\/Encabezado-EscAdul.png",1280,250,false],"2048x2048":["https:\/\/asgaex.aisg.es\/wp-content\/uploads\/2026\/03\/Encabezado-EscAdul.png",1280,250,false],"custom":["https:\/\/asgaex.aisg.es\/wp-content\/uploads\/2026\/03\/Encabezado-EscAdul.png",1280,250,false],"post-thumbnail":["https:\/\/asgaex.aisg.es\/wp-content\/uploads\/2026\/03\/Encabezado-EscAdul-150x29.png",150,29,true],"header":["https:\/\/asgaex.aisg.es\/wp-content\/uploads\/2026\/03\/Encabezado-EscAdul.png",1280,250,false],"slider":["https:\/\/asgaex.aisg.es\/wp-content\/uploads\/2026\/03\/Encabezado-EscAdul-1200x250.png",1200,250,true],"parabola-columns":["https:\/\/asgaex.aisg.es\/wp-content\/uploads\/2026\/03\/Encabezado-EscAdul-284x250.png",284,250,true]},"uagb_author_info":{"display_name":"admin","author_link":"https:\/\/asgaex.aisg.es\/?author=5"},"uagb_comment_info":0,"uagb_excerpt":"La Asociaci\u00f3n de Scouts y Gu\u00edas Adultos de Extremadura &#8211; ASGAEX, nace el 14 de noviembre de 2004 de mano de tres antiguos miembros del Movimiento Scout en Badajoz. Redactados los estatutos, son presentados en el Registro de Asociaciones de la Provincia de Badajoz, secci\u00f3n primera, 3.906 de 15 de... Continue reading","_links":{"self":[{"href":"https:\/\/asgaex.aisg.es\/index.php?rest_route=\/wp\/v2\/pages\/44","targetHints":{"allow":["GET"]}}],"collection":[{"href":"https:\/\/asgaex.aisg.es\/index.php?rest_route=\/wp\/v2\/pages"}],"about":[{"href":"https:\/\/asgaex.aisg.es\/index.php?rest_route=\/wp\/v2\/types\/page"}],"author":[{"embeddable":true,"href":"https:\/\/asgaex.aisg.es\/index.php?rest_route=\/wp\/v2\/users\/5"}],"replies":[{"embeddable":true,"href":"https:\/\/asgaex.aisg.es\/index.php?rest_route=%2Fwp%2Fv2%2Fcomments&post=44"}],"version-history":[{"count":6,"href":"https:\/\/asgaex.aisg.es\/index.php?rest_route=\/wp\/v2\/pages\/44\/revisions"}],"predecessor-version":[{"id":568,"href":"https:\/\/asgaex.aisg.es\/index.php?rest_route=\/wp\/v2\/pages\/44\/revisions\/568"}],"up":[{"embeddable":true,"href":"https:\/\/asgaex.aisg.es\/index.php?rest_route=\/wp\/v2\/pages\/113"}],"wp:featuredmedia":[{"embeddable":true,"href":"https:\/\/asgaex.aisg.es\/index.php?rest_route=\/wp\/v2\/media\/567"}],"wp:attachment":[{"href":"https:\/\/asgaex.aisg.es\/index.php?rest_route=%2Fwp%2Fv2%2Fmedia&parent=44"}],"curies":[{"name":"wp","href":"https:\/\/api.w.org\/{rel}","templated":true}]}}