{"id":46,"date":"2016-01-07T20:50:13","date_gmt":"2016-01-07T20:50:13","guid":{"rendered":"https:\/\/asgaex.aisg.es\/?page_id=46"},"modified":"2025-08-06T11:06:32","modified_gmt":"2025-08-06T10:06:32","slug":"declaracion-de-intenciones","status":"publish","type":"page","link":"https:\/\/asgaex.aisg.es\/?page_id=46","title":{"rendered":"Declaraci\u00f3n de Intenciones"},"content":{"rendered":"\n<p class=\"wp-block-paragraph\">En los Estatutos Asociativos, se recogen, entre otros, los siguientes puntos:<\/p>\n\n\n\n<ul class=\"wp-block-list\">\n<li>Con la denominaci\u00f3n ASOCIACI\u00d3N DE SCOUTS Y GU\u00cdAS ADULTOS DE EXTREMADURA (ASGAEX) se constituye una ASOCIACION al amparo de la Ley Org\u00e1nica 1\/2002, de 22 de marzo, y normas complementarias, con capacidad jur\u00eddica y plena capacidad de obrar, careciendo de \u00e1nimo de lucro.<\/li>\n\n\n\n<li>La ASOCIACI\u00d3N DE SCOUTS Y GU\u00cdAS ADULTOS DE EXTREMADURA (ASGAEX) se define como una organizaci\u00f3n sin \u00e1nimo de lucro, pluriconfesional, de libre adhesi\u00f3n, con car\u00e1cter pol\u00edtico no partidista inspirada en los fines y principios del Movimiento Scout, fundado por Lord Baden Powell en 1907 en Inglaterra, y D. Teodoro de Iradier en 1912 en Espa\u00f1a.<\/li>\n<\/ul>\n\n\n\n<p class=\"wp-block-paragraph\">La Asociaci\u00f3n tiene personalidad jur\u00eddica propia y capacidad plena de obrar para administrar y disponer de sus bienes y cumplir los fines que se propone.<\/p>\n\n\n\n<p class=\"wp-block-paragraph\">Siendo los objetivos de la Asociaci\u00f3n:<\/p>\n\n\n\n<ul class=\"wp-block-list\">\n<li>Promover el Movimiento Scout y Gu\u00eda desde el compromiso del Escultismo Adulto en Extremadura.<\/li>\n\n\n\n<li>Ayudar a Scouts y Gu\u00edas Adultos a mantener vivo en ellos el esp\u00edritu de la Ley Scout y Gu\u00eda.<\/li>\n\n\n\n<li>Colaborar con las asociaciones y grupos juveniles de scouts y gu\u00edas de la Comunidad Aut\u00f3noma de Extremadura, fomentando el desarrollo de estas organizaciones.<\/li>\n\n\n\n<li>Fomentar el compromiso socio-ambiental en Extremadura sobre la sostenibilidad en base a los principios y valores Scouts y Gu\u00edas.<\/li>\n\n\n\n<li>Recuperar la memoria hist\u00f3rica del Escultismo y Guidismo en Extremadura.<\/li>\n\n\n\n<li>Participar activamente en la vida social de nuestras poblaciones en todas sus \u00e1reas.<\/li>\n\n\n\n<li>Integrar las Nuevas Tecnolog\u00edas de la Informaci\u00f3n en las actividades scouts y gu\u00edas.<\/li>\n<\/ul>\n","protected":false},"excerpt":{"rendered":"<p>En los Estatutos Asociativos, se recogen, entre otros, los siguientes puntos: La Asociaci\u00f3n tiene personalidad jur\u00eddica propia y capacidad plena de obrar para administrar y disponer de sus bienes y cumplir los fines que se propone. Siendo los objetivos de la Asociaci\u00f3n: <a class=\"continue-reading-link\" href=\"https:\/\/asgaex.aisg.es\/?page_id=46\">Continue reading<\/a><\/p>\n","protected":false},"author":5,"featured_media":0,"parent":113,"menu_order":0,"comment_status":"closed","ping_status":"closed","template":"","meta":{"_editorskit_title_hidden":false,"_editorskit_reading_time":0,"_editorskit_is_block_options_detached":false,"_editorskit_block_options_position":"{}","_crdt_document":"","_uag_custom_page_level_css":"","ngg_post_thumbnail":0,"footnotes":""},"class_list":["post-46","page","type-page","status-publish","hentry"],"uagb_featured_image_src":{"full":false,"thumbnail":false,"medium":false,"medium_large":false,"large":false,"1536x1536":false,"2048x2048":false,"custom":false,"post-thumbnail":false,"header":false,"slider":false,"parabola-columns":false},"uagb_author_info":{"display_name":"admin","author_link":"https:\/\/asgaex.aisg.es\/?author=5"},"uagb_comment_info":0,"uagb_excerpt":"En los Estatutos Asociativos, se recogen, entre otros, los siguientes puntos: La Asociaci\u00f3n tiene personalidad jur\u00eddica propia y capacidad plena de obrar para administrar y disponer de sus bienes y cumplir los fines que se propone. Siendo los objetivos de la Asociaci\u00f3n: Continue reading","_links":{"self":[{"href":"https:\/\/asgaex.aisg.es\/index.php?rest_route=\/wp\/v2\/pages\/46","targetHints":{"allow":["GET"]}}],"collection":[{"href":"https:\/\/asgaex.aisg.es\/index.php?rest_route=\/wp\/v2\/pages"}],"about":[{"href":"https:\/\/asgaex.aisg.es\/index.php?rest_route=\/wp\/v2\/types\/page"}],"author":[{"embeddable":true,"href":"https:\/\/asgaex.aisg.es\/index.php?rest_route=\/wp\/v2\/users\/5"}],"replies":[{"embeddable":true,"href":"https:\/\/asgaex.aisg.es\/index.php?rest_route=%2Fwp%2Fv2%2Fcomments&post=46"}],"version-history":[{"count":4,"href":"https:\/\/asgaex.aisg.es\/index.php?rest_route=\/wp\/v2\/pages\/46\/revisions"}],"predecessor-version":[{"id":322,"href":"https:\/\/asgaex.aisg.es\/index.php?rest_route=\/wp\/v2\/pages\/46\/revisions\/322"}],"up":[{"embeddable":true,"href":"https:\/\/asgaex.aisg.es\/index.php?rest_route=\/wp\/v2\/pages\/113"}],"wp:attachment":[{"href":"https:\/\/asgaex.aisg.es\/index.php?rest_route=%2Fwp%2Fv2%2Fmedia&parent=46"}],"curies":[{"name":"wp","href":"https:\/\/api.w.org\/{rel}","templated":true}]}}