{"id":48,"date":"2016-01-07T20:51:07","date_gmt":"2016-01-07T20:51:07","guid":{"rendered":"https:\/\/asgaex.aisg.es\/?page_id=48"},"modified":"2026-03-15T21:16:00","modified_gmt":"2026-03-15T20:16:00","slug":"directiva","status":"publish","type":"page","link":"https:\/\/asgaex.aisg.es\/?page_id=48","title":{"rendered":"Directiva"},"content":{"rendered":"<figure class=\"wp-block-post-featured-image\"><a href=\"https:\/\/asgaex.aisg.es\/?page_id=48\" title=\"Directiva\"><img loading=\"lazy\" decoding=\"async\" width=\"150\" height=\"29\" src=\"https:\/\/asgaex.aisg.es\/wp-content\/uploads\/2026\/03\/Encabezado-Directiva-ASGAEX1280blanco.png\" class=\"attachment-post-thumbnail size-post-thumbnail wp-post-image\" alt=\"\" style=\"object-fit:cover;\" \/><\/a><\/figure>\n\n\n<p class=\"wp-block-paragraph\">Actualmente, la Ejecutiva, elegida el 7 de marzo de 2026, est\u00e1 compuesta por:<\/p>\n\n\n\n<p class=\"wp-block-paragraph\">Presidencia: Fernando Freire<br>Secretar\u00eda: Manuel \u00c1ngel de la Coba<br>Tesorer\u00eda: Mayte Cuesta<\/p>\n\n\n\n<p class=\"wp-block-paragraph\"><\/p>\n","protected":false},"excerpt":{"rendered":"<p>Actualmente, la Ejecutiva, elegida el 7 de marzo de 2026, est\u00e1 compuesta por: Presidencia: Fernando FreireSecretar\u00eda: Manuel \u00c1ngel de la CobaTesorer\u00eda: Mayte Cuesta <a class=\"continue-reading-link\" href=\"https:\/\/asgaex.aisg.es\/?page_id=48\">Continue reading<\/a><\/p>\n","protected":false},"author":5,"featured_media":539,"parent":113,"menu_order":0,"comment_status":"closed","ping_status":"closed","template":"","meta":{"_editorskit_title_hidden":true,"_editorskit_reading_time":0,"_editorskit_is_block_options_detached":false,"_editorskit_block_options_position":"{}","_crdt_document":"","_uag_custom_page_level_css":"","ngg_post_thumbnail":0,"footnotes":""},"class_list":["post-48","page","type-page","status-publish","has-post-thumbnail","hentry"],"uagb_featured_image_src":{"full":["https:\/\/asgaex.aisg.es\/wp-content\/uploads\/2026\/03\/Encabezado-Directiva-ASGAEX1280blanco.png",1280,250,false],"thumbnail":["https:\/\/asgaex.aisg.es\/wp-content\/uploads\/2026\/03\/Encabezado-Directiva-ASGAEX1280blanco.png",150,29,false],"medium":["https:\/\/asgaex.aisg.es\/wp-content\/uploads\/2026\/03\/Encabezado-Directiva-ASGAEX1280blanco.png",300,59,false],"medium_large":["https:\/\/asgaex.aisg.es\/wp-content\/uploads\/2026\/03\/Encabezado-Directiva-ASGAEX1280blanco.png",768,150,false],"large":["https:\/\/asgaex.aisg.es\/wp-content\/uploads\/2026\/03\/Encabezado-Directiva-ASGAEX1280blanco.png",1024,200,false],"1536x1536":["https:\/\/asgaex.aisg.es\/wp-content\/uploads\/2026\/03\/Encabezado-Directiva-ASGAEX1280blanco.png",1280,250,false],"2048x2048":["https:\/\/asgaex.aisg.es\/wp-content\/uploads\/2026\/03\/Encabezado-Directiva-ASGAEX1280blanco.png",1280,250,false],"custom":["https:\/\/asgaex.aisg.es\/wp-content\/uploads\/2026\/03\/Encabezado-Directiva-ASGAEX1280blanco.png",1280,250,false],"post-thumbnail":["https:\/\/asgaex.aisg.es\/wp-content\/uploads\/2026\/03\/Encabezado-Directiva-ASGAEX1280blanco.png",150,29,false],"header":["https:\/\/asgaex.aisg.es\/wp-content\/uploads\/2026\/03\/Encabezado-Directiva-ASGAEX1280blanco.png",1280,250,false],"slider":["https:\/\/asgaex.aisg.es\/wp-content\/uploads\/2026\/03\/Encabezado-Directiva-ASGAEX1280blanco.png",1200,234,false],"parabola-columns":["https:\/\/asgaex.aisg.es\/wp-content\/uploads\/2026\/03\/Encabezado-Directiva-ASGAEX1280blanco.png",284,55,false]},"uagb_author_info":{"display_name":"admin","author_link":"https:\/\/asgaex.aisg.es\/?author=5"},"uagb_comment_info":0,"uagb_excerpt":"Actualmente, la Ejecutiva, elegida el 7 de marzo de 2026, est\u00e1 compuesta por: Presidencia: Fernando FreireSecretar\u00eda: Manuel \u00c1ngel de la CobaTesorer\u00eda: Mayte Cuesta Continue reading","_links":{"self":[{"href":"https:\/\/asgaex.aisg.es\/index.php?rest_route=\/wp\/v2\/pages\/48","targetHints":{"allow":["GET"]}}],"collection":[{"href":"https:\/\/asgaex.aisg.es\/index.php?rest_route=\/wp\/v2\/pages"}],"about":[{"href":"https:\/\/asgaex.aisg.es\/index.php?rest_route=\/wp\/v2\/types\/page"}],"author":[{"embeddable":true,"href":"https:\/\/asgaex.aisg.es\/index.php?rest_route=\/wp\/v2\/users\/5"}],"replies":[{"embeddable":true,"href":"https:\/\/asgaex.aisg.es\/index.php?rest_route=%2Fwp%2Fv2%2Fcomments&post=48"}],"version-history":[{"count":13,"href":"https:\/\/asgaex.aisg.es\/index.php?rest_route=\/wp\/v2\/pages\/48\/revisions"}],"predecessor-version":[{"id":545,"href":"https:\/\/asgaex.aisg.es\/index.php?rest_route=\/wp\/v2\/pages\/48\/revisions\/545"}],"up":[{"embeddable":true,"href":"https:\/\/asgaex.aisg.es\/index.php?rest_route=\/wp\/v2\/pages\/113"}],"wp:featuredmedia":[{"embeddable":true,"href":"https:\/\/asgaex.aisg.es\/index.php?rest_route=\/wp\/v2\/media\/539"}],"wp:attachment":[{"href":"https:\/\/asgaex.aisg.es\/index.php?rest_route=%2Fwp%2Fv2%2Fmedia&parent=48"}],"curies":[{"name":"wp","href":"https:\/\/api.w.org\/{rel}","templated":true}]}}